{"id":86,"date":"2023-11-06T15:40:25","date_gmt":"2023-11-06T15:40:25","guid":{"rendered":"https:\/\/invgrup.com\/?page_id=86"},"modified":"2023-11-14T12:02:37","modified_gmt":"2023-11-14T12:02:37","slug":"yat-limani","status":"publish","type":"page","link":"https:\/\/invgrup.com\/?page_id=86","title":{"rendered":"Yat Liman\u0131"},"content":{"rendered":"\n<h1 class=\"wp-block-heading\">Yat Liman\u0131 Projeleri<\/h1>\n\n\n\n<p>Firmam\u0131z Ege B\u00f6lgesi\u2019 nde, imar planlar\u0131nda yat liman\u0131 olarak onayl\u0131 alanlarda geli\u015ftirme projeleri yapmaktad\u0131r.<\/p>\n\n\n\n<p>Firmam\u0131z marinac\u0131l\u0131k, yat liman\u0131 i\u015fletmelici\u011fi ve t\u00fcm k\u0131y\u0131 yap\u0131lar\u0131 konular\u0131nda fizibilite, yat\u0131r\u0131m\u0131n yeri, &nbsp;konumu, hava ve deniz \u015fartlar\u0131na g\u00f6re projelendirmesine, mevcut yerlerde yat ba\u011flama kapasite art\u0131r\u0131m\u0131na ve bu i\u015flerin kanunlar \u00e7er\u00e7evesinde izinleri takibinde \u00e7al\u0131\u015fmalar yapmaktad\u0131r.&nbsp;<\/p>\n\n\n\n<p>Ayn\u0131 zamanda m\u00fclkiyeti devletin h\u00fck\u00fcm ve tasarrufu alt\u0131nda olan deniz ve k\u0131y\u0131 alanlar\u0131nda, Yat Liman\u0131, \u00c7ekek yeri, Yat ba\u011flama iskelesi olabilecek alanlar\u0131 tespit ederek projeler geli\u015ftirmektedir.<\/p>\n\n\n\n<p>Halihaz\u0131rda Fethiye ve \u0130zmir Urla\u2019 da Proje geli\u015ftirme \u00e7al\u0131\u015fmalar\u0131m\u0131z devam etmektedir.<\/p>\n","protected":false},"excerpt":{"rendered":"<p>Yat Liman\u0131 Projeleri Firmam\u0131z Ege B\u00f6lgesi\u2019 nde, imar planlar\u0131nda yat liman\u0131 olarak onayl\u0131 alanlarda geli\u015ftirme projeleri yapmaktad\u0131r. Firmam\u0131z marinac\u0131l\u0131k, yat liman\u0131 i\u015fletmelici\u011fi ve t\u00fcm k\u0131y\u0131 yap\u0131lar\u0131 konular\u0131nda fizibilite, yat\u0131r\u0131m\u0131n yeri, &nbsp;konumu, hava ve deniz \u015fartlar\u0131na g\u00f6re projelendirmesine, mevcut yerlerde yat ba\u011flama kapasite art\u0131r\u0131m\u0131na ve bu i\u015flerin kanunlar \u00e7er\u00e7evesinde izinleri takibinde \u00e7al\u0131\u015fmalar yapmaktad\u0131r.&nbsp; Ayn\u0131 zamanda m\u00fclkiyeti [&hellip;]<\/p>\n","protected":false},"author":1,"featured_media":0,"parent":0,"menu_order":0,"comment_status":"closed","ping_status":"closed","template":"","meta":{"footnotes":""},"_links":{"self":[{"href":"https:\/\/invgrup.com\/index.php?rest_route=\/wp\/v2\/pages\/86"}],"collection":[{"href":"https:\/\/invgrup.com\/index.php?rest_route=\/wp\/v2\/pages"}],"about":[{"href":"https:\/\/invgrup.com\/index.php?rest_route=\/wp\/v2\/types\/page"}],"author":[{"embeddable":true,"href":"https:\/\/invgrup.com\/index.php?rest_route=\/wp\/v2\/users\/1"}],"replies":[{"embeddable":true,"href":"https:\/\/invgrup.com\/index.php?rest_route=%2Fwp%2Fv2%2Fcomments&post=86"}],"version-history":[{"count":3,"href":"https:\/\/invgrup.com\/index.php?rest_route=\/wp\/v2\/pages\/86\/revisions"}],"predecessor-version":[{"id":193,"href":"https:\/\/invgrup.com\/index.php?rest_route=\/wp\/v2\/pages\/86\/revisions\/193"}],"wp:attachment":[{"href":"https:\/\/invgrup.com\/index.php?rest_route=%2Fwp%2Fv2%2Fmedia&parent=86"}],"curies":[{"name":"wp","href":"https:\/\/api.w.org\/{rel}","templated":true}]}}