{"id":76,"date":"2023-11-06T15:33:50","date_gmt":"2023-11-06T15:33:50","guid":{"rendered":"https:\/\/invgrup.com\/?page_id=76"},"modified":"2023-11-07T19:32:24","modified_gmt":"2023-11-07T19:32:24","slug":"bize-ulasin","status":"publish","type":"page","link":"https:\/\/invgrup.com\/?page_id=76","title":{"rendered":"Bize Ula\u015f\u0131n"},"content":{"rendered":"\n<div class=\"wp-block-columns is-layout-flex wp-container-3 wp-block-columns-is-layout-flex\">\n<div class=\"wp-block-column is-layout-flow wp-block-column-is-layout-flow\" style=\"flex-basis:66.66%\">\n<iframe src=\"https:\/\/www.google.com\/maps\/embed?pb=!1m18!1m12!1m3!1d3129.5453110702583!2d26.768694733237275!3d38.33635889605165!2m3!1f0!2f0!3f0!3m2!1i1024!2i768!4f13.1!3m3!1m2!1s0x14bb949771b16907%3A0x46626035928ebd16!2zxLBza2VsZSwgTWl0aGF0cGHFn2EgQ2QuIE5vOjQsIDM1NDMwIFVybGEvxLB6bWly!5e0!3m2!1str!2str!4v1699385247902!5m2!1str!2str\" width=\"600\" height=\"450\" style=\"border:0;\" allowfullscreen=\"\" loading=\"lazy\" referrerpolicy=\"no-referrer-when-downgrade\"><\/iframe>\n<\/div>\n\n\n\n<div class=\"wp-block-column is-layout-flow wp-block-column-is-layout-flow\" style=\"flex-basis:33.33%\">\n<h2 class=\"wp-block-heading\">Adres<\/h2>\n\n\n\n<hr class=\"wp-block-separator has-alpha-channel-opacity\"\/>\n\n\n\n<address><i class=\"fa fa-map-marker\"><\/i>\u0130skele Mahallesi<br><i class=\"fa\"><\/i>Mithat Pa\u015fa Caddesi<br><i class=\"fa\"><\/i>No: 4<br><i class=\"fa\"><\/i>Urla &#8211; \u0130ZM\u0130R<br>\n<i class=\"fa fa-envelope-o\"><\/i><a href=\"mailto:info@invgrup.com\">info@invgrup.com<\/a><br>\n<i class=\"fa fa-phone\"><\/i><a href=\"tel:+(90) 232-754-8418\">+(90) 232-754 8418<\/a><br>\n\t\t<i class=\"fa fa-mobile\"><\/i><a href=\"tel:+(90) 533-223-4350\">+(90) 533-223 4350<\/a><\/address>\n<\/div>\n<\/div>\n","protected":false},"excerpt":{"rendered":"<p>Adres \u0130skele MahallesiMithat Pa\u015fa CaddesiNo: 4Urla &#8211; \u0130ZM\u0130R info@invgrup.com +(90) 232-754 8418 +(90) 533-223 4350<\/p>\n","protected":false},"author":1,"featured_media":0,"parent":0,"menu_order":0,"comment_status":"closed","ping_status":"closed","template":"","meta":{"footnotes":""},"_links":{"self":[{"href":"https:\/\/invgrup.com\/index.php?rest_route=\/wp\/v2\/pages\/76"}],"collection":[{"href":"https:\/\/invgrup.com\/index.php?rest_route=\/wp\/v2\/pages"}],"about":[{"href":"https:\/\/invgrup.com\/index.php?rest_route=\/wp\/v2\/types\/page"}],"author":[{"embeddable":true,"href":"https:\/\/invgrup.com\/index.php?rest_route=\/wp\/v2\/users\/1"}],"replies":[{"embeddable":true,"href":"https:\/\/invgrup.com\/index.php?rest_route=%2Fwp%2Fv2%2Fcomments&post=76"}],"version-history":[{"count":12,"href":"https:\/\/invgrup.com\/index.php?rest_route=\/wp\/v2\/pages\/76\/revisions"}],"predecessor-version":[{"id":140,"href":"https:\/\/invgrup.com\/index.php?rest_route=\/wp\/v2\/pages\/76\/revisions\/140"}],"wp:attachment":[{"href":"https:\/\/invgrup.com\/index.php?rest_route=%2Fwp%2Fv2%2Fmedia&parent=76"}],"curies":[{"name":"wp","href":"https:\/\/api.w.org\/{rel}","templated":true}]}}