{"id":66,"date":"2023-11-06T15:25:48","date_gmt":"2023-11-06T15:25:48","guid":{"rendered":"https:\/\/invgrup.com\/?page_id=66"},"modified":"2023-11-07T18:01:31","modified_gmt":"2023-11-07T18:01:31","slug":"hakkimizda","status":"publish","type":"page","link":"https:\/\/invgrup.com\/?page_id=66","title":{"rendered":"Hakk\u0131m\u0131zda"},"content":{"rendered":"\n<p><\/p>\n\n\n\n<h1 class=\"wp-block-heading\">Hakk\u0131m\u0131zda<\/h1>\n\n\n\n<p>Firmam\u0131z\u0131n temelleri &nbsp;2007 y\u0131l\u0131nda \u0130stanbul\u2019 da &nbsp;at\u0131lm\u0131\u015f olup \u0130n\u015faat, Gayrimenkul Dan\u0131\u015fmanl\u0131k ve Proje Geli\u015ftirme \u015firketidir. \u0130stanbul\u2019daki birikimini 2018 y\u0131l\u0131nda \u0130zmir\u2019 e ta\u015f\u0131yarak, Alt\u0131evler, Sahilevleri, G\u00fczelbah\u00e7e, Urla ve \u00c7e\u015fme hatt\u0131nda in\u015faat projeleri yapmakta olup, ayn\u0131 zamanda Ege\u2019 de Yat Liman\u0131 Projeleri, \u00c7e\u015fme-Seferihisar-Urla hatt\u0131nda \u201c Tiny K\u00f6y Projeleri\u201d geli\u015ftirmektedir.<\/p>\n\n\n\n<h2 class=\"wp-block-heading\">Gayrimenkul<\/h2>\n\n\n\n<p>Bir gayrimenkul\u00fcn pazarlamas\u0131nda en \u00f6nemli fakt\u00f6rler; do\u011fru fiyat analizi, b\u00f6lgesel rayi\u00e7ler, piyasa ko\u015fullar\u0131 ve ekonomik durumdur. Uzman Gayrimenkul Dan\u0131\u015fmanlar\u0131m\u0131z taraf\u0131ndan gayrimenkullerinizin pazarlamas\u0131 en k\u0131sa s\u00fcrede ve en do\u011fru fiyat ile sonu\u00e7land\u0131r\u0131l\u0131r. Her biri ki\u015fisel dan\u0131\u015fman\u0131n\u0131z olarak sizlere en iyi hizmeti vermek i\u00e7in \u00e7al\u0131\u015f\u0131rlar.<\/p>\n\n\n\n<p>Firmam\u0131z; Gayrimenkul ile ilgili aray\u0131\u015flar\u0131n\u0131z\u0131 titizlikle inceler, de\u011ferlendirir ve &nbsp;sizlere en iyi hizmeti vermek i\u00e7in \u00e7al\u0131\u015f\u0131r.<\/p>\n\n\n\n<ul>\n<li>Gayrimenkul Dan\u0131\u015fmanl\u0131\u011f\u0131<\/li>\n\n\n\n<li>Gayrimenkul Sat\u0131\u015f\u0131 ve Kiralama<\/li>\n\n\n\n<li>Arsa ve arazi geli\u015ftirme<\/li>\n\n\n\n<li>Pazar ara\u015ft\u0131rmas\u0131<\/li>\n\n\n\n<li>Fizibilite \u00e7al\u0131\u015fmalar\u0131<\/li>\n\n\n\n<li>Arz ve taleplerin \u00e7\u00f6z\u00fcme ula\u015ft\u0131r\u0131lmas\u0131<\/li>\n<\/ul>\n\n\n\n<p><\/p>\n\n\n\n<p><strong>Sat\u0131\u015f\u0131n\u0131 ger\u00e7ekle\u015ftirdi\u011fimiz Portf\u00f6ylerimizden baz\u0131lar\u0131<\/strong><\/p>\n\n\n\n<p>-\u0130stanbul Sar\u0131yer Duygu Yap\u0131 Kooperatifi arsas\u0131-40 d\u00f6n\u00fcm \u2013Meri\u00e7 \u0130n\u015faat<\/p>\n\n\n\n<p>-\u0130stanbul Sar\u0131yer Osman Y\u0131lmaz\/H\u0131z\u0131r Y\u0131lmaz arsas\u0131-10 d\u00f6n\u00fcm-Meri\u00e7 \u0130n\u015faat<\/p>\n\n\n\n<p>-\u0130stanbul \u0130stinye S.S.Poligon Tepe\u00fcst\u00fc Konut Yap\u0131 Kooperatifi Arsas\u0131 6.440 m2 arsa- Panaroma \u0130n\u015faat<\/p>\n\n\n\n<p><strong>Sat\u0131\u015f\u0131n\u0131 \u00dcstlendi\u011fimiz Portf\u00f6ylerimizden baz\u0131lar\u0131<\/strong><\/p>\n\n\n\n<p>&#8211; \u0130stanbul Emirgan \u015eerifler Yal\u0131s\u0131 Harem K\u00f6\u015fk\u00fc Arsas\u0131<\/p>\n\n\n\n<p>&#8211; Bodrum Salih Adas\u0131 Turizm Yat\u0131r\u0131m\u0131na uygun arazi<\/p>\n\n\n\n<h2 class=\"wp-block-heading\">\u0130n\u015faat Projeleri<\/h2>\n\n\n\n<p>Uzun y\u0131llard\u0131r villa in\u015faat\u0131, konut in\u015faat\u0131 ve&nbsp; renovasyon projeleriyle pek \u00e7ok projeye imza atm\u0131\u015f \u015firketimiz&nbsp; konut ve ofis komple in\u015faat taahh\u00fcd\u00fc hizmeti, tadilat hizmeti, renovasyon hizmeti<\/p>\n\n\n\n<p><\/p>\n\n\n\n<h2 class=\"wp-block-heading\">Yat Liman\u0131 Projeleri<\/h2>\n\n\n\n<p>Firmam\u0131z Ege B\u00f6lgesi\u2019 nde, imar planlar\u0131nda yat liman\u0131 olarak onayl\u0131 alanlarda geli\u015ftirme projeleri yapmaktad\u0131r.<\/p>\n\n\n\n<p>Firmam\u0131z marinac\u0131l\u0131k, yat liman\u0131 i\u015fletmelici\u011fi ve t\u00fcm k\u0131y\u0131 yap\u0131lar\u0131 konular\u0131nda fizibilite, yat\u0131r\u0131m\u0131n yeri, &nbsp;konumu, hava ve deniz \u015fartlar\u0131na g\u00f6re projelendirmesine, mevcut yerlerde yat ba\u011flama kapasite art\u0131r\u0131m\u0131na ve bu i\u015flerin kanunlar \u00e7er\u00e7evesinde izinleri takibinde \u00e7al\u0131\u015fmalar yapmaktad\u0131r.&nbsp;<\/p>\n\n\n\n<p>Ayn\u0131 zamanda m\u00fclkiyeti devletin h\u00fck\u00fcm ve tasarrufu alt\u0131nda olan deniz ve k\u0131y\u0131 alanlar\u0131nda, Yat Liman\u0131, \u00c7ekek yeri, Yat ba\u011flama iskelesi olabilecek alanlar\u0131 tespit ederek projeler geli\u015ftirmektedir.<\/p>\n\n\n\n<p>Halihaz\u0131rda Fethiye ve \u0130zmir Urla\u2019 da Proje geli\u015ftirme \u00e7al\u0131\u015fmalar\u0131m\u0131z devam etmektedir.<\/p>\n","protected":false},"excerpt":{"rendered":"<p>Hakk\u0131m\u0131zda Firmam\u0131z\u0131n temelleri &nbsp;2007 y\u0131l\u0131nda \u0130stanbul\u2019 da &nbsp;at\u0131lm\u0131\u015f olup \u0130n\u015faat, Gayrimenkul Dan\u0131\u015fmanl\u0131k ve Proje Geli\u015ftirme \u015firketidir. \u0130stanbul\u2019daki birikimini 2018 y\u0131l\u0131nda \u0130zmir\u2019 e ta\u015f\u0131yarak, Alt\u0131evler, Sahilevleri, G\u00fczelbah\u00e7e, Urla ve \u00c7e\u015fme hatt\u0131nda in\u015faat projeleri yapmakta olup, ayn\u0131 zamanda Ege\u2019 de Yat Liman\u0131 Projeleri, \u00c7e\u015fme-Seferihisar-Urla hatt\u0131nda \u201c Tiny K\u00f6y Projeleri\u201d geli\u015ftirmektedir. Gayrimenkul Bir gayrimenkul\u00fcn pazarlamas\u0131nda en \u00f6nemli fakt\u00f6rler; [&hellip;]<\/p>\n","protected":false},"author":1,"featured_media":0,"parent":0,"menu_order":0,"comment_status":"closed","ping_status":"closed","template":"","meta":{"footnotes":""},"_links":{"self":[{"href":"https:\/\/invgrup.com\/index.php?rest_route=\/wp\/v2\/pages\/66"}],"collection":[{"href":"https:\/\/invgrup.com\/index.php?rest_route=\/wp\/v2\/pages"}],"about":[{"href":"https:\/\/invgrup.com\/index.php?rest_route=\/wp\/v2\/types\/page"}],"author":[{"embeddable":true,"href":"https:\/\/invgrup.com\/index.php?rest_route=\/wp\/v2\/users\/1"}],"replies":[{"embeddable":true,"href":"https:\/\/invgrup.com\/index.php?rest_route=%2Fwp%2Fv2%2Fcomments&post=66"}],"version-history":[{"count":4,"href":"https:\/\/invgrup.com\/index.php?rest_route=\/wp\/v2\/pages\/66\/revisions"}],"predecessor-version":[{"id":109,"href":"https:\/\/invgrup.com\/index.php?rest_route=\/wp\/v2\/pages\/66\/revisions\/109"}],"wp:attachment":[{"href":"https:\/\/invgrup.com\/index.php?rest_route=%2Fwp%2Fv2%2Fmedia&parent=66"}],"curies":[{"name":"wp","href":"https:\/\/api.w.org\/{rel}","templated":true}]}}